
{"id":911,"date":"2023-05-05T20:15:24","date_gmt":"2023-05-05T20:15:24","guid":{"rendered":"https:\/\/culturalexpertise.net\/cultexp\/?page_id=911"},"modified":"2023-05-05T20:15:24","modified_gmt":"2023-05-05T20:15:24","slug":"joshua-isaac-bishay","status":"publish","type":"page","link":"https:\/\/culturalexpertise.net\/cultexp\/joshua-isaac-bishay\/","title":{"rendered":"Joshua Isaac Bishay"},"content":{"rendered":"\n<div class=\"wp-block-image\"><figure class=\"aligncenter\"><img decoding=\"async\" src=\"https:\/\/culturalexpertise.net\/wp-content\/uploads\/2021\/01\/Bishay-photo.jpeg\" alt=\"This image has an empty alt attribute; its file name is Bishay-photo.jpeg\"\/><\/figure><\/div>\n\n\n\n<p class=\"setMargin\"><strong>Joshua Isaac<\/strong> <strong>Bishay<\/strong> has assisted Livia Holden with the data-collection for the UK case-study and for editorial tasks involving formatting and coordinating authors. He is currently responsible for testing the digital outputs of EURO-EXPERT and assisting the core team with the preparation of manuals. Bishay received a BA in anthropology at the University of Illinois at Chicago, a JD at the John Marshall Law School in Chicago and an LLM at the Universiteit Utrecht in the Netherlands. He worked as an international lawyer before the International Criminal Court, Special Tribunal for Lebanon and the African Commission on Human and People&#8217;s Rights. His research focuses on the intersections of law and culture in international and domestic courts. He is currently a PhD candidate at the Universit\u00e9 of Paris Sorbonne with a thesis titled Jihad et justice aux proc\u00e8s pour terrorisme \u00e0 Paris under the supervision of Livia Holden.<br><\/p>\n","protected":false},"excerpt":{"rendered":"<p>Joshua Isaac Bishay has assisted Livia Holden with the data-collection for the UK case-study and for editorial tasks involving formatting &hellip; <\/p>\n<p class=\"link-more\"><a href=\"https:\/\/culturalexpertise.net\/cultexp\/joshua-isaac-bishay\/\" class=\"more-link\">Continue reading<span class=\"screen-reader-text\"> &#8220;Joshua Isaac Bishay&#8221;<\/span><\/a><\/p>\n","protected":false},"author":1,"featured_media":0,"parent":0,"menu_order":0,"comment_status":"closed","ping_status":"closed","template":"","meta":{"footnotes":""},"_links":{"self":[{"href":"https:\/\/culturalexpertise.net\/cultexp\/wp-json\/wp\/v2\/pages\/911"}],"collection":[{"href":"https:\/\/culturalexpertise.net\/cultexp\/wp-json\/wp\/v2\/pages"}],"about":[{"href":"https:\/\/culturalexpertise.net\/cultexp\/wp-json\/wp\/v2\/types\/page"}],"author":[{"embeddable":true,"href":"https:\/\/culturalexpertise.net\/cultexp\/wp-json\/wp\/v2\/users\/1"}],"replies":[{"embeddable":true,"href":"https:\/\/culturalexpertise.net\/cultexp\/wp-json\/wp\/v2\/comments?post=911"}],"version-history":[{"count":1,"href":"https:\/\/culturalexpertise.net\/cultexp\/wp-json\/wp\/v2\/pages\/911\/revisions"}],"predecessor-version":[{"id":912,"href":"https:\/\/culturalexpertise.net\/cultexp\/wp-json\/wp\/v2\/pages\/911\/revisions\/912"}],"wp:attachment":[{"href":"https:\/\/culturalexpertise.net\/cultexp\/wp-json\/wp\/v2\/media?parent=911"}],"curies":[{"name":"wp","href":"https:\/\/api.w.org\/{rel}","templated":true}]}}